{"id":348,"date":"2014-11-04T22:56:42","date_gmt":"2014-11-04T20:56:42","guid":{"rendered":"http:\/\/fotoboxpro.com\/?page_id=348"},"modified":"2016-03-13T13:13:05","modified_gmt":"2016-03-13T11:13:05","slug":"retouch-photoshopfotobox-proya-sahipsiniz-ama-urun-fotograflariniz-photoshop-retouch-islemlerine-ihtiyac-duyuyor-dert-etmeyin-sizin-cektiginiz-fotograflara-biz-retouch-yapalim-boylece-gerek-toplu","status":"publish","type":"page","link":"https:\/\/www.fotoboxpro.com\/eng\/services\/retouch-photoshopfotobox-proya-sahipsiniz-ama-urun-fotograflariniz-photoshop-retouch-islemlerine-ihtiyac-duyuyor-dert-etmeyin-sizin-cektiginiz-fotograflara-biz-retouch-yapalim-boylece-gerek-toplu","title":{"rendered":"Retouch Photoshop"},"content":{"rendered":"<h2><img loading=\"lazy\" decoding=\"async\" class=\"wp-image-1348 alignright\" src=\"http:\/\/www.fotoboxpro.com\/eng\/\/wp-content\/uploads\/retouch.jpg\" alt=\"retouch\" width=\"417\" height=\"284\" \/>Fotobox pro &#8216;ya sahipsiniz ama \u00fcr\u00fcn foto\u011fraflar\u0131n\u0131z Photoshop Retouch (R\u00f6tu\u015f) i\u015flemlerine ihtiya\u00e7 duyuyor. Dert etmeyin!<\/h2>\n<p>Sizin \u00e7ekti\u011finiz foto\u011fraflara biz retouch yapal\u0131m. B\u00f6ylece gerek toplu, gerekse d\u00f6nem d\u00f6nem \u00fcr\u00fcn foto\u011fraflar\u0131n\u0131za dekupe, renk ayar\u0131, temizleme, efekt gibi Retouch i\u015flemlerini yapal\u0131m.<\/p>\n","protected":false},"excerpt":{"rendered":"<p>Fotobox pro &#8216;ya sahipsiniz ama \u00fcr\u00fcn foto\u011fraflar\u0131n\u0131z Photoshop Retouch (R\u00f6tu\u015f) i\u015flemlerine ihtiya\u00e7 duyuyor. Dert etmeyin! Sizin \u00e7ekti\u011finiz foto\u011fraflara biz retouch yapal\u0131m. B\u00f6ylece gerek toplu, gerekse d\u00f6nem d\u00f6nem \u00fcr\u00fcn foto\u011fraflar\u0131n\u0131za dekupe, renk ayar\u0131, temizleme, efekt gibi Retouch i\u015flemlerini yapal\u0131m.<\/p>\n","protected":false},"author":1,"featured_media":0,"parent":344,"menu_order":0,"comment_status":"closed","ping_status":"closed","template":"","meta":{"_joinchat":[],"footnotes":""},"class_list":["post-348","page","type-page","status-publish","hentry"],"_links":{"self":[{"href":"https:\/\/www.fotoboxpro.com\/eng\/wp-json\/wp\/v2\/pages\/348","targetHints":{"allow":["GET"]}}],"collection":[{"href":"https:\/\/www.fotoboxpro.com\/eng\/wp-json\/wp\/v2\/pages"}],"about":[{"href":"https:\/\/www.fotoboxpro.com\/eng\/wp-json\/wp\/v2\/types\/page"}],"author":[{"embeddable":true,"href":"https:\/\/www.fotoboxpro.com\/eng\/wp-json\/wp\/v2\/users\/1"}],"replies":[{"embeddable":true,"href":"https:\/\/www.fotoboxpro.com\/eng\/wp-json\/wp\/v2\/comments?post=348"}],"version-history":[{"count":4,"href":"https:\/\/www.fotoboxpro.com\/eng\/wp-json\/wp\/v2\/pages\/348\/revisions"}],"predecessor-version":[{"id":1357,"href":"https:\/\/www.fotoboxpro.com\/eng\/wp-json\/wp\/v2\/pages\/348\/revisions\/1357"}],"up":[{"embeddable":true,"href":"https:\/\/www.fotoboxpro.com\/eng\/wp-json\/wp\/v2\/pages\/344"}],"wp:attachment":[{"href":"https:\/\/www.fotoboxpro.com\/eng\/wp-json\/wp\/v2\/media?parent=348"}],"curies":[{"name":"wp","href":"https:\/\/api.w.org\/{rel}","templated":true}]}}